{"id":262,"date":"2018-05-29T17:50:08","date_gmt":"2018-05-29T15:50:08","guid":{"rendered":"http:\/\/www.zibogomma.com\/?page_id=262"},"modified":"2025-03-24T11:18:09","modified_gmt":"2025-03-24T10:18:09","slug":"policy","status":"publish","type":"page","link":"https:\/\/www.zibogomma.com\/it\/azienda\/policy\/","title":{"rendered":"Ambiente- Lavoro"},"content":{"rendered":"<p><\/p>\n<p><em>Mettersi insieme \u00e8 un inizio, rimanere insieme \u00e8 un progresso, lavorare insieme \u00e8 un successo.<br \/>\nAvere un\u2019idea \u00e8 un\u2019ottima cosa, sapere come portarla avanti \u00e8 meglio.<br \/>\nChiunque smetta di imparare \u00e8 un vecchio, che abbia 20 o 80 anni.<\/em><br \/>\nHenry Ford<\/p>\n<p style=\"text-align: center;\"><strong>POLITICA QUALITA\u2019 AMBIENTE SICUREZZA<\/strong><\/p>\n<p><a href=\"https:\/\/www.zibogomma.com\/wp-content\/uploads\/certificato_ISO-9001-CERT-14039-2004-AQ-MIL-SINCERT-5-it-IT-20250313.jpg\"><img loading=\"lazy\" decoding=\"async\" class=\"size-medium wp-image-533 alignleft\" src=\"https:\/\/www.zibogomma.com\/wp-content\/uploads\/certificato_ISO-9001-CERT-14039-2004-AQ-MIL-SINCERT-5-it-IT-20250313-191x270.jpg\" alt=\"\" width=\"191\" height=\"270\" srcset=\"https:\/\/www.zibogomma.com\/wp-content\/uploads\/certificato_ISO-9001-CERT-14039-2004-AQ-MIL-SINCERT-5-it-IT-20250313-191x270.jpg 191w, https:\/\/www.zibogomma.com\/wp-content\/uploads\/certificato_ISO-9001-CERT-14039-2004-AQ-MIL-SINCERT-5-it-IT-20250313-318x450.jpg 318w, https:\/\/www.zibogomma.com\/wp-content\/uploads\/certificato_ISO-9001-CERT-14039-2004-AQ-MIL-SINCERT-5-it-IT-20250313-127x180.jpg 127w, https:\/\/www.zibogomma.com\/wp-content\/uploads\/certificato_ISO-9001-CERT-14039-2004-AQ-MIL-SINCERT-5-it-IT-20250313-560x792.jpg 560w, https:\/\/www.zibogomma.com\/wp-content\/uploads\/certificato_ISO-9001-CERT-14039-2004-AQ-MIL-SINCERT-5-it-IT-20250313-260x367.jpg 260w, https:\/\/www.zibogomma.com\/wp-content\/uploads\/certificato_ISO-9001-CERT-14039-2004-AQ-MIL-SINCERT-5-it-IT-20250313-160x226.jpg 160w, https:\/\/www.zibogomma.com\/wp-content\/uploads\/certificato_ISO-9001-CERT-14039-2004-AQ-MIL-SINCERT-5-it-IT-20250313.jpg 595w\" sizes=\"auto, (max-width: 191px) 100vw, 191px\" \/><\/a>La direzione Zibo Gomma ha volontariamente deciso di applicare all\u2019interno della propria organizzazione, mirata alla di produzione e commercializzazione di articoli tecnici in gomma, un sistema di gestione conforme ai requisiti delle norme ISO 9001, ISO 14001 ed ISO 45001.<br \/>\nLa Direzione, nell\u2019attuare e mantenere il sistema di gestione citato si impegna a:<br \/>\n&#8211; rilevare e soddisfare le aspettative pertinenti delle parti interessate, con garanzia di continuit\u00e0, fornendo loro servizi affidabili, assicurando condizioni di lavoro sicuro e salubri ai lavoratori propri ed a quelli delle Societ\u00e0 che operano all\u2019interno del perimetro aziendale, operando per la protezione dell\u2019ambiente mediante la prevenzione dell\u2019inquinamento, del cambiamento climatico e degli altri specifici aspetti ambientali correlati al proprio contesto;<br \/>\n&#8211; assicurare con continuit\u00e0 la stabilit\u00e0 finanziaria considerando tutti gli aspetti economici nella pianificazione delle attivit\u00e0 nell\u2019interesse proprio e delle parti interessate;<br \/>\n&#8211; mantenere alto il livello di competenza, motivazione e consapevolezza di tutto il personale, inteso come processo di crescita delle risorse umane e, ove economicamente sostenibile, al miglioramento dei processi attraverso l\u2019applicazione delle migliori tecnologie;<br \/>\n&#8211; soddisfare la normativa cogente e quella volontariamente sottoscritta per quanto concerne la qualit\u00e0 del servizio erogato, per la salute e sicurezza dei lavoratori e per la protezione dell\u2019ambiente;<br \/>\n&#8211; eliminare i pericoli e ridurre i rischi per la salute e sicurezza dei lavoratori;<br \/>\n&#8211; sostenere un processo di consultazione e partecipazione con i lavoratori in tema di salute e sicurezza sul lavoro;<br \/>\n&#8211; monitorare le prestazioni al fine del miglioramento continuo del proprio sistema di gestione<br \/>\nprevenire infortuni, incidenti e malattie correlate al lavoro;<br \/>\n&#8211; prevenire l\u2019inquinamento applicando sistematicamente i requisiti del sistema;<br \/>\n&#8211; prevenire le potenziali situazioni di emergenza e rispondere prontamente alle stesse, adottando una definita metodologia;<br \/>\n&#8211; adottare i requisiti del proprio sistema di gestione nei rapporti con organizzazioni o enti esterni;<br \/>\n&#8211; ricorrere a fornitori, appaltatori e collaboratori qualificati ed in possesso dei requisiti di legge previsti;<br \/>\n&#8211; utilizzare la presente politica come quadro di riferimento per fissare gli obiettivi aziendali<br \/>\nLa Direzione comunica internamente i contenuti di questa politica e la rende disponibile alle parti interessate tramite il sito web aziendale.<br \/>\nLivraga, li 18 dicembre 2024<\/p>\n<p><a href=\"http:\/\/www.zibogomma.com\/azienda\/certifications\/\">-&gt; Certificazioni di Zibo Gomma<\/a>.<\/p>\n<p><\/p>","protected":false},"excerpt":{"rendered":"<p>Mettersi insieme \u00e8 un inizio, rimanere insieme \u00e8 un progresso, lavorare insieme \u00e8 un successo. Avere un\u2019idea \u00e8 un\u2019ottima cosa, sapere come portarla avanti \u00e8 meglio. Chiunque smetta di imparare \u00e8 un vecchio, che abbia 20 o 80 anni. Henry&hellip;<\/p>\n<p class=\"more-link-p\"><a class=\"more-link\" href=\"https:\/\/www.zibogomma.com\/it\/azienda\/policy\/\">Read more &rarr;<\/a><\/p>\n","protected":false},"author":1,"featured_media":0,"parent":105,"menu_order":0,"comment_status":"closed","ping_status":"closed","template":"","meta":{"ngg_post_thumbnail":0,"footnotes":""},"class_list":["post-262","page","type-page","status-publish","hentry"],"_links":{"self":[{"href":"https:\/\/www.zibogomma.com\/it\/wp-json\/wp\/v2\/pages\/262","targetHints":{"allow":["GET"]}}],"collection":[{"href":"https:\/\/www.zibogomma.com\/it\/wp-json\/wp\/v2\/pages"}],"about":[{"href":"https:\/\/www.zibogomma.com\/it\/wp-json\/wp\/v2\/types\/page"}],"author":[{"embeddable":true,"href":"https:\/\/www.zibogomma.com\/it\/wp-json\/wp\/v2\/users\/1"}],"replies":[{"embeddable":true,"href":"https:\/\/www.zibogomma.com\/it\/wp-json\/wp\/v2\/comments?post=262"}],"version-history":[{"count":15,"href":"https:\/\/www.zibogomma.com\/it\/wp-json\/wp\/v2\/pages\/262\/revisions"}],"predecessor-version":[{"id":551,"href":"https:\/\/www.zibogomma.com\/it\/wp-json\/wp\/v2\/pages\/262\/revisions\/551"}],"up":[{"embeddable":true,"href":"https:\/\/www.zibogomma.com\/it\/wp-json\/wp\/v2\/pages\/105"}],"wp:attachment":[{"href":"https:\/\/www.zibogomma.com\/it\/wp-json\/wp\/v2\/media?parent=262"}],"curies":[{"name":"wp","href":"https:\/\/api.w.org\/{rel}","templated":true}]}}