{"id":177,"date":"2016-12-18T23:54:56","date_gmt":"2016-12-18T22:54:56","guid":{"rendered":"http:\/\/www.zibogomma.com\/?page_id=177"},"modified":"2016-12-19T16:32:15","modified_gmt":"2016-12-19T15:32:15","slug":"direzione","status":"publish","type":"page","link":"https:\/\/www.zibogomma.com\/it\/azienda\/direzione\/","title":{"rendered":"Direzione"},"content":{"rendered":"<div id=\"pl-177\"  class=\"panel-layout\" ><div id=\"pg-177-0\"  class=\"panel-grid panel-no-style\" ><div id=\"pgc-177-0-0\"  class=\"panel-grid-cell\" ><div id=\"panel-177-0-0-0\" class=\"so-panel widget widget_text panel-first-child panel-last-child\" data-index=\"0\" ><div class=\"widget-txt1 panel-widget-style panel-widget-style-for-177-0-0-0\" ><h3 class=\"widget-title\">Marina Granata<\/h3>\t\t\t<div class=\"textwidget\"><p>- Area tecnica e area commerciale<\/p>\n<p>Due lauree scientifiche, in Chimica e in Biologia. Una approfondita esperienza nel settore della gomma come dirigente aziendale e come consulente di societ\u00e0 multinazionali. Di temperamento dinamico ed essenziale, ha creato alla Zibo Gomma una struttura snella ed efficiente, che garantisce qualit\u00e0 del prodotto e competitivit\u00e0 sul mercato.<\/p>\n<\/div>\n\t\t<\/div><\/div><\/div><div id=\"pgc-177-0-1\"  class=\"panel-grid-cell\" ><div id=\"panel-177-0-1-0\" class=\"so-panel widget widget_text panel-first-child panel-last-child\" data-index=\"1\" ><div class=\"widget-txt1 panel-widget-style panel-widget-style-for-177-0-1-0\" ><h3 class=\"widget-title\">Armando Belloni<\/h3>\t\t\t<div class=\"textwidget\"><p>Area amministrativa e  commerciale<\/p>\n<p>Laurea in Economia e Commercio. Ha maturato la sua esperienza nella direzione aziendale come Amministratore nei settori industriale e commerciale. E' tra i fondatori di Zibo Gomma. Ha seguito personalmente la realizzazione dello stabilimento, adottando soluzioni innovative per il risparmio energetico e la rete informatica.<\/p>\n<\/div>\n\t\t<\/div><\/div><\/div><\/div><div id=\"pg-177-1\"  class=\"panel-grid panel-no-style\" ><div id=\"pgc-177-1-0\"  class=\"panel-grid-cell\" ><div id=\"panel-177-1-0-0\" class=\"so-panel widget widget_text panel-first-child panel-last-child\" data-index=\"2\" ><div class=\"widget-txt1 panel-widget-style panel-widget-style-for-177-1-0-0\" ><h3 class=\"widget-title\">Francesca Granata<\/h3>\t\t\t<div class=\"textwidget\"><p>- Controllo qualit\u00e0 e ufficio tecnico<\/p>\n<p>Laurea in Scienze agrarie. Ha lavorato per molti anni in laboratorio compiendo ricerche sulla qualit\u00e0 degli alimenti e dei prodotti chimici di importanti aziende. Il suo compito in Zibo Gomma \u00e8 quello di controllare la qualit\u00e0 lungo tutta la filiera, dalle materie prime al prodotto finito, e di assistere il cliente nelle scelte tecniche di realizzazione.<\/p>\n<\/div>\n\t\t<\/div><\/div><\/div><div id=\"pgc-177-1-1\"  class=\"panel-grid-cell\" ><div id=\"panel-177-1-1-0\" class=\"so-panel widget widget_text panel-first-child panel-last-child\" data-index=\"3\" ><div class=\"widget-txt1 panel-widget-style panel-widget-style-for-177-1-1-0\" ><h3 class=\"widget-title\">Bruno Turelli<\/h3>\t\t\t<div class=\"textwidget\"><p>- Stabilimento e Ufficio Tecnico <\/p>\n<p>Una competenza concreta nel campo della gomma estrusa, acquisita in anni di esperienza diretta e di ricerca sulle tecniche di coestrusione e sulle gomme espanse. Ha scelto per Zibo Gomma le tecnologie pi\u00f9 moderne, che integrano tutto il processo produttivo, dalla costruzione della matrice all'imballaggio del prodotto.<\/p>\n<\/div>\n\t\t<\/div><\/div><\/div><\/div><\/div>","protected":false},"excerpt":{"rendered":"<p>&#8211; Area tecnica e area commerciale Due lauree scientifiche, in Chimica e in Biologia. Una approfondita esperienza nel settore della gomma come dirigente aziendale e come consulente di societ\u00e0 multinazionali. Di temperamento dinamico ed essenziale, ha creato alla Zibo Gomma&hellip;<\/p>\n<p class=\"more-link-p\"><a class=\"more-link\" href=\"https:\/\/www.zibogomma.com\/it\/azienda\/direzione\/\">Read more &rarr;<\/a><\/p>\n","protected":false},"author":1,"featured_media":0,"parent":105,"menu_order":0,"comment_status":"closed","ping_status":"closed","template":"","meta":{"ngg_post_thumbnail":0,"footnotes":""},"class_list":["post-177","page","type-page","status-publish","hentry"],"_links":{"self":[{"href":"https:\/\/www.zibogomma.com\/it\/wp-json\/wp\/v2\/pages\/177","targetHints":{"allow":["GET"]}}],"collection":[{"href":"https:\/\/www.zibogomma.com\/it\/wp-json\/wp\/v2\/pages"}],"about":[{"href":"https:\/\/www.zibogomma.com\/it\/wp-json\/wp\/v2\/types\/page"}],"author":[{"embeddable":true,"href":"https:\/\/www.zibogomma.com\/it\/wp-json\/wp\/v2\/users\/1"}],"replies":[{"embeddable":true,"href":"https:\/\/www.zibogomma.com\/it\/wp-json\/wp\/v2\/comments?post=177"}],"version-history":[{"count":4,"href":"https:\/\/www.zibogomma.com\/it\/wp-json\/wp\/v2\/pages\/177\/revisions"}],"predecessor-version":[{"id":200,"href":"https:\/\/www.zibogomma.com\/it\/wp-json\/wp\/v2\/pages\/177\/revisions\/200"}],"up":[{"embeddable":true,"href":"https:\/\/www.zibogomma.com\/it\/wp-json\/wp\/v2\/pages\/105"}],"wp:attachment":[{"href":"https:\/\/www.zibogomma.com\/it\/wp-json\/wp\/v2\/media?parent=177"}],"curies":[{"name":"wp","href":"https:\/\/api.w.org\/{rel}","templated":true}]}}